{"id":1912,"date":"2024-10-16T13:13:23","date_gmt":"2024-10-16T11:13:23","guid":{"rendered":"https:\/\/gregorihollis.com\/i-fall-in-love\/"},"modified":"2025-06-17T13:45:28","modified_gmt":"2025-06-17T11:45:28","slug":"i-fall-in-love","status":"publish","type":"page","link":"https:\/\/gregorihollis.com\/ca\/i-fall-in-love\/","title":{"rendered":"I FALL IN LOVE"},"content":{"rendered":"<p>[et_pb_section fb_built=\"1\" custom_padding_last_edited=\"on|tablet\" module_id=\"page_custom\" _builder_version=\"4.27.4\" _module_preset=\"default\" custom_padding=\"||||false|false\" custom_padding_tablet=\"0px||||false|false\" custom_padding_phone=\"0px||||false|false\" locked=\"off\" global_colors_info=\"{}\"][et_pb_row _builder_version=\"4.27.2\" _module_preset=\"default\" locked=\"off\" global_colors_info=\"{}\"][et_pb_column type=\"4_4\" _builder_version=\"4.27.2\" _module_preset=\"default\" global_colors_info=\"{}\"][et_pb_text admin_label=\"I FALL IN LOVE\" _builder_version=\"4.27.2\" _module_preset=\"default\" header_2_font=\"sora-bold-700||||||||\" header_2_text_align=\"center\" header_2_text_color=\"#5d705e\" header_2_font_size=\"2em\" global_colors_info=\"{}\"]<\/p>\n<h2>I FALL IN LOVE<\/h2>\n<p>[\/et_pb_text][\/et_pb_column][\/et_pb_row][et_pb_row column_structure=\"2_5,3_5\" disabled_on=\"off|off|off\" _builder_version=\"4.27.2\" _module_preset=\"default\" collapsed=\"off\" global_colors_info=\"{}\"][et_pb_column type=\"2_5\" _builder_version=\"4.27.2\" _module_preset=\"default\" global_colors_info=\"{}\"][et_pb_text admin_label=\"IMG\" _builder_version=\"4.27.3\" _module_preset=\"default\" custom_margin=\"||15px||false|false\" border_radii=\"on|10px|10px|10px|10px\" locked=\"off\" global_colors_info=\"{}\"]<\/p>\n<p><img loading=\"lazy\" decoding=\"async\" class=\"aligncenter wp-image-183 size-full\" src=\"https:\/\/gregorihollis.com\/wp-content\/uploads\/2024\/10\/902ce0d2784a647414df258cfa7f2975_1.jpg\" alt=\"\" width=\"1920\" height=\"1920\" srcset=\"https:\/\/gregorihollis.com\/wp-content\/uploads\/2024\/10\/902ce0d2784a647414df258cfa7f2975_1.jpg 1920w, https:\/\/gregorihollis.com\/wp-content\/uploads\/2024\/10\/902ce0d2784a647414df258cfa7f2975_1-1280x1280.jpg 1280w, https:\/\/gregorihollis.com\/wp-content\/uploads\/2024\/10\/902ce0d2784a647414df258cfa7f2975_1-980x980.jpg 980w, https:\/\/gregorihollis.com\/wp-content\/uploads\/2024\/10\/902ce0d2784a647414df258cfa7f2975_1-480x480.jpg 480w\" sizes=\"(min-width: 0px) and (max-width: 480px) 480px, (min-width: 481px) and (max-width: 980px) 980px, (min-width: 981px) and (max-width: 1280px) 1280px, (min-width: 1281px) 1920px, 100vw\" \/><\/p>\n<p>[\/et_pb_text][et_pb_text admin_label=\"GREGORI HOLLIS GROUP\" _builder_version=\"4.27.2\" _module_preset=\"default\" text_font=\"sora-bold-700||||||||\" text_text_color=\"#000000\" text_font_size=\"1em\" custom_margin=\"||5px||false|false\" global_colors_info=\"{}\"]<\/p>\n<p>GREGORI HOLLIS GROUP<\/p>\n<p>[\/et_pb_text][et_pb_text admin_label=\"I FALL IN LOVE - SINGLE 2021\" _builder_version=\"4.27.2\" _module_preset=\"default\" text_font=\"sora-light-300||||||||\" text_text_color=\"#000000\" text_font_size=\"1em\" custom_margin=\"||5px||false|false\" global_colors_info=\"{}\"]<\/p>\n<p>I FALL IN LOVE - SINGLE 2021<\/p>\n<p>[\/et_pb_text][et_pb_text admin_label=\"Afro-Cuban Jazz\" _builder_version=\"4.27.2\" _module_preset=\"default\" text_font=\"sora-light-300|300|||||||\" text_text_color=\"#8d8d8d\" text_font_size=\"1em\" custom_margin=\"||5px||false|false\" global_colors_info=\"{}\"]<\/p>\n<p>Afro-Cuban Jazz<\/p>\n<p>[\/et_pb_text][et_pb_button button_url=\"https:\/\/open.spotify.com\/intl-es\/track\/7p0zOCqIvgnoJXOUaYKUI3\" button_text=\"ESC\u00daCHALO AQU\u00cd\" button_alignment=\"left\" disabled_on=\"on|on|on\" _builder_version=\"4.27.2\" _module_preset=\"default\" custom_button=\"on\" button_text_size=\"1em\" button_text_color=\"#5d705e\" button_bg_color=\"RGBA(255,255,255,0)\" button_border_width=\"1px\" button_border_color=\"#5d705e\" button_border_radius=\"5px\" button_use_icon=\"off\" custom_padding=\"5px|90px|5px|90px|true|true\" button_text_size_last_edited=\"off|desktop\" disabled=\"on\" global_colors_info=\"{}\" button_bg_color__hover_enabled=\"off|desktop\"][\/et_pb_button][\/et_pb_column][et_pb_column type=\"3_5\" _builder_version=\"4.27.2\" _module_preset=\"default\" global_colors_info=\"{}\"][et_pb_text _builder_version=\"4.27.4\" _module_preset=\"default\" text_font=\"sora-light-300||||||||\" text_text_color=\"#000000\" text_font_size=\"1em\" global_colors_info=\"{}\"]<\/p>\n<p>Aquesta \u00e9s la meva versi\u00f3 en directe del gran est\u00e0ndard de jazz \"I Fall In Love Too Easily\", en qu\u00e8 debuto com a cantant. A m\u00e9s, tinc el plaer de comptar amb la participaci\u00f3 de la brillant cantant vene\u00e7olana Ahyvin Bruno.<\/p>\n<p>[\/et_pb_text][\/et_pb_column][\/et_pb_row][\/et_pb_section][et_pb_section fb_built=\"1\" custom_padding_last_edited=\"on|tablet\" _builder_version=\"4.27.2\" _module_preset=\"default\" custom_padding=\"||||false|false\" custom_padding_tablet=\"0px||||false|false\" custom_padding_phone=\"0px||||false|false\" locked=\"off\" global_colors_info=\"{}\"][et_pb_row _builder_version=\"4.27.2\" _module_preset=\"default\" width=\"50%\" width_tablet=\"80%\" width_phone=\"80%\" width_last_edited=\"on|desktop\" max_width=\"100%\" global_colors_info=\"{}\"][et_pb_column type=\"4_4\" _builder_version=\"4.27.2\" _module_preset=\"default\" global_colors_info=\"{}\"][et_pb_code admin_label=\"Spotify\" _builder_version=\"4.27.2\" _module_preset=\"default\" global_colors_info=\"{}\"]<iframe style=\"border-radius:12px\" src=\"https:\/\/open.spotify.com\/embed\/album\/09ekYM8HvfVdOetGHebds8?utm_source=generator\" width=\"100%\" height=\"152\" frameBorder=\"0\" allowfullscreen=\"\" allow=\"autoplay; clipboard-write; encrypted-media; fullscreen; picture-in-picture\" loading=\"lazy\"><\/iframe>[\/et_pb_code][\/et_pb_column][\/et_pb_row][\/et_pb_section][et_pb_section fb_built=\"1\" _builder_version=\"4.27.2\" _module_preset=\"default\" locked=\"off\" global_colors_info=\"{}\"][et_pb_row _builder_version=\"4.27.3\" _module_preset=\"default\" width_tablet=\"100%\" width_phone=\"100%\" width_last_edited=\"off|desktop\" global_colors_info=\"{}\"][et_pb_column type=\"4_4\" _builder_version=\"4.27.2\" _module_preset=\"default\" global_colors_info=\"{}\"][et_pb_video src=\"https:\/\/www.youtube.com\/watch?v=58DRwRreT6c\" image_src=\"https:\/\/gregorihollis.com\/wp-content\/uploads\/2024\/10\/eb61d05cd54284273506d2d9d9954f5b_1.jpg\" use_icon_font_size=\"on\" icon_font_size=\"65px\" thumbnail_overlay_color=\"rgba(0,0,0,0)\" _builder_version=\"4.27.3\" _module_preset=\"default\" global_colors_info=\"{}\"][\/et_pb_video][et_pb_text admin_label=\"VIDEOCLIP \u201cI<br \/>\nFALL IN LOVE TOO EASILY\u201d  Gregori Hollis Group\" _builder_version=\"4.27.4\" _module_preset=\"default\" text_font=\"sora-light-300||||||||\" text_text_color=\"#0e0c06\" text_font_size=\"1em\" text_orientation=\"center\" hover_enabled=\"0\" global_colors_info=\"{}\" sticky_enabled=\"0\"]VIDEOCLIP \u201cI FALL IN LOVE TOO EASILY\u201d <span style=\"color: #8d8d8d;\">Gregori Hollis Group<\/span>[\/et_pb_text][\/et_pb_column][\/et_pb_row][\/et_pb_section][et_pb_section fb_built=\"1\" _builder_version=\"4.27.2\" _module_preset=\"default\" custom_padding=\"||||false|false\" locked=\"off\" global_colors_info=\"{}\"][et_pb_row _builder_version=\"4.27.2\" _module_preset=\"default\" locked=\"off\" global_colors_info=\"{}\"][et_pb_column type=\"4_4\" _builder_version=\"4.27.2\" _module_preset=\"default\" global_colors_info=\"{}\"][et_pb_text admin_label=\"CR\u00c8DITS\" _builder_version=\"4.27.4\" _module_preset=\"default\" header_2_font=\"sora-bold-700||||||||\" header_2_text_align=\"center\" header_2_text_color=\"#5d705e\" header_2_font_size=\"2em\" global_colors_info=\"{}\"]<\/p>\n<h2>CR\u00c8DITS<\/h2>\n<p>[\/et_pb_text][\/et_pb_column][\/et_pb_row][et_pb_row _builder_version=\"4.27.3\" _module_preset=\"default\" custom_padding=\"||0px||false|false\" locked=\"off\" global_colors_info=\"{}\"][et_pb_column type=\"4_4\" _builder_version=\"4.27.2\" _module_preset=\"default\" global_colors_info=\"{}\"][et_pb_text admin_label=\"ARRANJAT I PRODU\u00cfT PER GREGORI HOLLIS\" _builder_version=\"4.27.4\" _module_preset=\"default\" text_font=\"sora-bold-700||||||||\" text_text_color=\"#5d705e\" text_font_size=\"1.2em\" header_2_font=\"sora-bold-700||||||||\" header_2_text_align=\"center\" header_2_text_color=\"#5d705e\" header_2_font_size=\"2em\" global_colors_info=\"{}\"]<\/p>\n<p>ARRANJAT I PRODU\u00cfT PER GREGORI HOLLIS<\/p>\n<p>[\/et_pb_text][\/et_pb_column][\/et_pb_row][et_pb_row column_structure=\"1_2,1_2\" _builder_version=\"4.27.3\" _module_preset=\"default\" locked=\"off\" global_colors_info=\"{}\"][et_pb_column type=\"1_2\" _builder_version=\"4.27.2\" _module_preset=\"default\" global_colors_info=\"{}\"][et_pb_text admin_label=\"Creditos\" _builder_version=\"4.27.4\" _module_preset=\"default\" text_font=\"sora-light-300||||||||\" text_text_color=\"#000000\" text_font_size=\"1em\" global_colors_info=\"{}\"]<\/p>\n<p>Veu i Trompeta <span style=\"color: #8d8d8d;\">Gregori Hollis<\/span><br \/>Veu i G\u00fciro <span style=\"color: #8d8d8d;\">Ahyvin Bruno<\/span><br \/>Sax\u00f2fon Alt Albert Carrique<br \/>Piano i Cors <span style=\"color: #8d8d8d;\">Kevin D\u00edaz<\/span><br \/>Baix <span style=\"color: #8d8d8d;\">Pedro Campos<\/span><br \/>Bateria i Cors <span style=\"color: #8d8d8d;\">Arnau Figueras<\/span><br \/>Congues <span style=\"color: #8d8d8d;\">Ori Mart\u00ednez<\/span><br \/>Enginyer de So <span style=\"color: #8d8d8d;\">Andr\u00e9s Giraldo<\/span><br \/>Assistent de Gravaci\u00f3 de So <span style=\"color: #8d8d8d;\">Jose Cattaneo<\/span><br \/>Mesclat i Masteritzat per <span style=\"color: #8d8d8d;\">Arnau Figueras<\/span><\/p>\n<p>[\/et_pb_text][\/et_pb_column][et_pb_column type=\"1_2\" _builder_version=\"4.27.2\" _module_preset=\"default\" global_colors_info=\"{}\"][et_pb_text admin_label=\"Creditos\" _builder_version=\"4.27.4\" _module_preset=\"default\" text_font=\"sora-light-300||||||||\" text_text_color=\"#000000\" text_font_size=\"1em\" global_colors_info=\"{}\"]<\/p>\n<p>Estilisme <span style=\"color: #8d8d8d;\">Marta Garreta<\/span><br \/>Assistents d'Estilisme <span style=\"color: #8d8d8d;\">Marta Mart\u00ed &amp; Claudia Roca<\/span><\/p>\n<p>Producci\u00f3 de V\u00eddeo <span style=\"color: #8d8d8d;\">LeCuala Films<\/span><br \/>Operadors de C\u00e0mera <span style=\"color: #8d8d8d;\">Facio Gayoso, Ricardo Oliva &amp; Aar\u00f3n Barreiro<\/span><br \/>Direcci\u00f3 i Edici\u00f3 <span style=\"color: #8d8d8d;\">Aar\u00f3n Barreiro<\/span><\/p>\n<p>Assistent de Producci\u00f3 <span style=\"color: #8d8d8d;\">Clara Mart\u00ednez<\/span><\/p>\n<p>Discogr\u00e0fica <span style=\"color: #8d8d8d;\">Halley Records<\/span><\/p>\n<p>[\/et_pb_text][\/et_pb_column][\/et_pb_row][\/et_pb_section]<\/p>\n","protected":false},"excerpt":{"rendered":"<p>I FALL IN LOVEGREGORI HOLLIS GROUPI FALL IN LOVE - SINGLE 2021Afro-Cuban JazzAquesta \u00e9s la meva versi\u00f3 en directe del gran est\u00e0ndard de jazz \"I Fall In Love Too Easily\", en qu\u00e8 debuto com a cantant. A m\u00e9s, tinc el plaer de comptar amb la participaci\u00f3 de la brillant cantant vene\u00e7olana Ahyvin Bruno.VIDEOCLIP \u201cI FALL [&hellip;]<\/p>\n","protected":false},"author":1,"featured_media":0,"parent":0,"menu_order":0,"comment_status":"closed","ping_status":"closed","template":"","meta":{"_et_pb_use_builder":"on","_et_pb_old_content":"","_et_gb_content_width":"","footnotes":""},"class_list":["post-1912","page","type-page","status-publish","hentry"],"_links":{"self":[{"href":"https:\/\/gregorihollis.com\/ca\/wp-json\/wp\/v2\/pages\/1912","targetHints":{"allow":["GET"]}}],"collection":[{"href":"https:\/\/gregorihollis.com\/ca\/wp-json\/wp\/v2\/pages"}],"about":[{"href":"https:\/\/gregorihollis.com\/ca\/wp-json\/wp\/v2\/types\/page"}],"author":[{"embeddable":true,"href":"https:\/\/gregorihollis.com\/ca\/wp-json\/wp\/v2\/users\/1"}],"replies":[{"embeddable":true,"href":"https:\/\/gregorihollis.com\/ca\/wp-json\/wp\/v2\/comments?post=1912"}],"version-history":[{"count":3,"href":"https:\/\/gregorihollis.com\/ca\/wp-json\/wp\/v2\/pages\/1912\/revisions"}],"predecessor-version":[{"id":2119,"href":"https:\/\/gregorihollis.com\/ca\/wp-json\/wp\/v2\/pages\/1912\/revisions\/2119"}],"wp:attachment":[{"href":"https:\/\/gregorihollis.com\/ca\/wp-json\/wp\/v2\/media?parent=1912"}],"curies":[{"name":"wp","href":"https:\/\/api.w.org\/{rel}","templated":true}]}}