{"id":1982,"date":"2025-06-10T12:27:29","date_gmt":"2025-06-10T10:27:29","guid":{"rendered":"https:\/\/gregorihollis.com\/politica-de-privacidad\/"},"modified":"2025-06-16T16:59:19","modified_gmt":"2025-06-16T14:59:19","slug":"politica-de-privacitat","status":"publish","type":"page","link":"https:\/\/gregorihollis.com\/ca\/politica-de-privacitat\/","title":{"rendered":"Pol\u00edtica de privacidad"},"content":{"rendered":"<p>[et_pb_section fb_built=\"1\" module_id=\"page_custom_normal\" _builder_version=\"4.27.4\" _module_preset=\"default\" global_colors_info=\"{}\"][et_pb_row _builder_version=\"4.27.4\" _module_preset=\"default\" global_colors_info=\"{}\"][et_pb_column type=\"4_4\" _builder_version=\"4.27.4\" _module_preset=\"default\" global_colors_info=\"{}\"][et_pb_text admin_label=\"POL\u00cdTICA DE PRIVACITAT\" _builder_version=\"4.27.4\" _module_preset=\"default\" text_font=\"sora-light-300||||||||\" text_text_color=\"#000000\" text_font_size=\"1em\" link_font=\"sora-medium-500||||||||\" link_text_color=\"#5d705e\" link_font_size=\"1em\" header_2_font=\"sora-bold-700||||||||\" header_2_text_align=\"center\" header_2_text_color=\"#5d705e\" header_2_font_size=\"2em\" header_3_font=\"sora-bold-700||||||||\" header_3_text_color=\"#5d705e\" header_3_font_size=\"1.5em\" locked=\"off\" global_colors_info=\"{}\"]<\/p>\n<h2>POL\u00cdTICA DE PRIVACITAT<\/h2>\n<p>&nbsp;<\/p>\n<p>En compliment del Reglament (UE) 2016\/679 del Parlament Europeu i del Consell (RGPD), s\u2019informa els usuaris que les dades personals recollides a trav\u00e9s d\u2019aquest lloc web seran tractades conforme a la present pol\u00edtica de privacitat.<\/p>\n<h3>1. RESPONSABLE DEL TRACTAMENT<\/h3>\n<p>Nom del responsable: Gregori Hollis<br \/>NIF\/CIF: 48174648K com a aut\u00f2nom o empresa<br \/>Adre\u00e7a: Passeig Sant Joan 176, 4\u00ba - 3\u00aa. 08037 Barcelona, Espanya.<br \/>Correu de contacte: <a href=\"mailto:info@gregorihollis.com\">info@gregorihollis.com<\/a><\/p>\n<h3>2. DADES PERSONALS RECOPILADES<\/h3>\n<p>Les \u00faniques dades personals que es recullen en aquest lloc web s\u00f3n les que l\u2019usuari facilita en el moment de realitzar una compra a trav\u00e9s del sistema de botiga online (WooCommerce). Aquestes dades inclouen:<br \/>\u2022 Nom i cognoms<br \/>\u2022 Adre\u00e7a de facturaci\u00f3 i\/o enviament<br \/>\u2022 Codi postal, ciutat, prov\u00edncia i pa\u00eds<br \/>\u2022 Correu electr\u00f2nic<br \/>\u2022 Tel\u00e8fon de contacte<br \/>Aquestes dades s\u00f3n necess\u00e0ries per processar i enviar les comandes realitzades a la botiga online.<\/p>\n<h3>3. FINALITAT DEL TRACTAMENT<\/h3>\n<p>Les dades seran tractades amb l\u2019\u00fanica finalitat de:<br \/>\u2022 Gestionar el proc\u00e9s de compra, pagament i enviament de productes.<br \/>\u2022 Complir amb les obligacions legals, fiscals i comptables aplicables.<br \/>En cap cas s\u2019utilitzaran per enviar publicitat o comunicacions promocionals.<\/p>\n<h3>4. BASE LEGAL DEL TRACTAMENT<\/h3>\n<p>El tractament de les dades es basa en el consentiment de l\u2019usuari en realitzar la compra, aix\u00ed com en el compliment d\u2019obligacions legals derivades d\u2019aquesta compra.<\/p>\n<h3>5. CONSERVACI\u00d3 DE LES DADES<\/h3>\n<p>Les dades personals seran conservades durant el temps necessari per complir amb les obligacions legals derivades de la relaci\u00f3 comercial, o fins que l\u2019usuari sol\u00b7liciti la seva eliminaci\u00f3, que es far\u00e0 dins del marc perm\u00e8s per la llei.<\/p>\n<h3>6. TERCERS AMB ACC\u00c9S A LES DADES<\/h3>\n<p>En el desenvolupament d\u2019aquest web, terceres persones (com desenvolupadors i dissenyadors web) han tingut acc\u00e9s a la plataforma i, per tant, potencialment a les dades personals. Aquest acc\u00e9s es limita a tasques t\u00e8cniques puntuals i sota un deure de<br \/>confidencialitat.<br \/>A llarg termini, l\u2019\u00fanic responsable i amb acc\u00e9s a les dades ser\u00e0 el titular del lloc web.<\/p>\n<h3>7. EINES D\u2019AN\u00c0LISI<\/h3>\n<p>Aquest lloc utilitza eines d\u2019an\u00e0lisi de Google Business per con\u00e8ixer informaci\u00f3 estad\u00edstica b\u00e0sica sobre el tr\u00e0nsit del lloc web. Aquestes eines poden utilitzar cookies an\u00f2nimes.<\/p>\n<h3>8. DRETS DE L\u2019USUARI<\/h3>\n<p>L\u2019usuari pot exercir els seg\u00fcents drets en relaci\u00f3 amb les seves dades:<br \/>\u2022 Accedir a les seves dades personals<br \/>\u2022 Sol\u00b7licitar la rectificaci\u00f3 o supressi\u00f3<br \/>\u2022 Limitar o oposar-se al tractament<br \/>\u2022 Sol\u00b7licitar la portabilitat de les seves dades<br \/>Per exercir aquests drets, pot escriure a: <a href=\"mailto:info@gregorihollis.com\">info@gregorihollis.com<\/a><\/p>\n<h3>9. SEGURETAT<\/h3>\n<p>S\u2019han adoptat mesures de seguretat t\u00e8cniques i organitzatives per protegir les dades personals davant l\u2019acc\u00e9s no autoritzat, p\u00e8rdua o destrucci\u00f3.<\/p>\n<h3>10. MODIFICACIONS<\/h3>\n<p>La present pol\u00edtica pot ser modificada per adaptar-se a canvis legislatius o t\u00e8cnics. Et recomanem revisar-la peri\u00f2dicament.<\/p>\n<p>[\/et_pb_text][\/et_pb_column][\/et_pb_row][\/et_pb_section]<\/p>\n","protected":false},"excerpt":{"rendered":"<p>POL\u00cdTICA DE PRIVACITAT &nbsp; En compliment del Reglament (UE) 2016\/679 del Parlament Europeu i del Consell (RGPD), s\u2019informa els usuaris que les dades personals recollides a trav\u00e9s d\u2019aquest lloc web seran tractades conforme a la present pol\u00edtica de privacitat. 1. RESPONSABLE DEL TRACTAMENT Nom del responsable: Gregori HollisNIF\/CIF: 48174648K com a aut\u00f2nom o empresaAdre\u00e7a: Passeig [&hellip;]<\/p>\n","protected":false},"author":1,"featured_media":0,"parent":0,"menu_order":0,"comment_status":"closed","ping_status":"closed","template":"","meta":{"_et_pb_use_builder":"on","_et_pb_old_content":"","_et_gb_content_width":"","footnotes":""},"class_list":["post-1982","page","type-page","status-publish","hentry"],"_links":{"self":[{"href":"https:\/\/gregorihollis.com\/ca\/wp-json\/wp\/v2\/pages\/1982","targetHints":{"allow":["GET"]}}],"collection":[{"href":"https:\/\/gregorihollis.com\/ca\/wp-json\/wp\/v2\/pages"}],"about":[{"href":"https:\/\/gregorihollis.com\/ca\/wp-json\/wp\/v2\/types\/page"}],"author":[{"embeddable":true,"href":"https:\/\/gregorihollis.com\/ca\/wp-json\/wp\/v2\/users\/1"}],"replies":[{"embeddable":true,"href":"https:\/\/gregorihollis.com\/ca\/wp-json\/wp\/v2\/comments?post=1982"}],"version-history":[{"count":2,"href":"https:\/\/gregorihollis.com\/ca\/wp-json\/wp\/v2\/pages\/1982\/revisions"}],"predecessor-version":[{"id":1985,"href":"https:\/\/gregorihollis.com\/ca\/wp-json\/wp\/v2\/pages\/1982\/revisions\/1985"}],"wp:attachment":[{"href":"https:\/\/gregorihollis.com\/ca\/wp-json\/wp\/v2\/media?parent=1982"}],"curies":[{"name":"wp","href":"https:\/\/api.w.org\/{rel}","templated":true}]}}