{"id":1988,"date":"2025-06-10T13:00:21","date_gmt":"2025-06-10T11:00:21","guid":{"rendered":"https:\/\/gregorihollis.com\/politica-de-cookies\/"},"modified":"2025-06-16T17:02:13","modified_gmt":"2025-06-16T15:02:13","slug":"politica-de-cookies","status":"publish","type":"page","link":"https:\/\/gregorihollis.com\/ca\/politica-de-cookies\/","title":{"rendered":"Pol\u00edtica de cookies"},"content":{"rendered":"<p>[et_pb_section fb_built=\"1\" module_id=\"page_custom_normal\" _builder_version=\"4.27.4\" _module_preset=\"default\" global_colors_info=\"{}\"][et_pb_row _builder_version=\"4.27.4\" _module_preset=\"default\" locked=\"off\" global_colors_info=\"{}\"][et_pb_column type=\"4_4\" _builder_version=\"4.27.4\" _module_preset=\"default\" global_colors_info=\"{}\"][et_pb_text admin_label=\"Pol\u00edtica de cookies\" _builder_version=\"4.27.4\" _module_preset=\"default\" text_font=\"sora-light-300||||||||\" text_text_color=\"#000000\" text_font_size=\"1em\" link_font=\"sora-medium-500||||||||\" link_text_color=\"#5d705e\" link_font_size=\"1em\" header_2_font=\"sora-bold-700||||||||\" header_2_text_align=\"center\" header_2_text_color=\"#5d705e\" header_2_font_size=\"2em\" header_3_font=\"sora-bold-700||||||||\" header_3_text_color=\"#5d705e\" header_3_font_size=\"1.5em\" hover_enabled=\"0\" locked=\"off\" global_colors_info=\"{}\" sticky_enabled=\"0\"]<\/p>\n<h2>POL\u00cdTICA DE COOKIES<\/h2>\n<p>&nbsp;<\/p>\n<p>En aquest lloc web utilitzem cookies pr\u00f2pies i de tercers per millorar l\u2019experi\u00e8ncia de navegaci\u00f3, realitzar an\u00e0lisis estad\u00edstics i mostrar contingut multim\u00e8dia.<\/p>\n<h3>1. QU\u00c8 S\u00d3N LES COOKIES?<\/h3>\n<p>Les cookies s\u00f3n petits fitxers de text que s\u2019emmagatzemen al navegador de l\u2019usuari quan visita un lloc web. Serveixen per recon\u00e8ixer l\u2019usuari, recordar les seves prefer\u00e8ncies i oferir una navegaci\u00f3 m\u00e9s personalitzada.<\/p>\n<h3>2. COOKIES UTILITZADES EN AQUEST LLOC<\/h3>\n<p>Aquest lloc web utilitza els seg\u00fcents tipus de cookies:<\/p>\n<p>a) Cookies t\u00e8cniques (necess\u00e0ries): Permeten la navegaci\u00f3 a trav\u00e9s del lloc web i l\u2019\u00fas de les seves funcions b\u00e0siques, com el proc\u00e9s de compra.<br \/>b) Cookies d\u2019an\u00e0lisi: Utilitzem Google Business (Google Analytics) per obtenir estad\u00edstiques an\u00f2nimes sobre l\u2019\u00fas de la web: p\u00e0gines visitades, durada de la visita, ubicaci\u00f3 aproximada, etc.<br \/>c) Cookies de tercers (contingut multim\u00e8dia): El nostre lloc integra continguts de plataformes externes que poden instal\u00b7lar cookies al teu navegador, com:<\/p>\n<p>Spotify (reproductors de m\u00fasica)<br \/>YouTube (v\u00eddeos incrustats)<br \/>Aquestes cookies s\u00f3n gestionades per tercers i el seu \u00fas est\u00e0 subjecte a les seves pr\u00f2pies pol\u00edtiques de privacitat.<\/p>\n<h3>3. GESTI\u00d3 DE COOKIES<\/h3>\n<p>En accedir al lloc per primera vegada, es mostrar\u00e0 un av\u00eds que et permet acceptar o configurar l\u2019\u00fas de cookies. Pots modificar les teves prefer\u00e8ncies en qualsevol moment des del teu navegador. Els enlla\u00e7os per gestionar cookies als navegadors m\u00e9s comuns s\u00f3n:<br \/>- Chrome: <a href=\"https:\/\/support.google.com\/chrome\/answer\/95647\">https:\/\/support.google.com\/chrome\/answer\/95647<\/a><br \/>- Firefox: <a href=\"https:\/\/support.mozilla.org\/es\/kb\/habilitar-y-deshabilitar-cookies-sitios-web\">https:\/\/support.mozilla.org\/es\/kb\/habilitar-y-deshabilitar-cookies-sitios-web<\/a><br \/>- Safari: <a href=\"https:\/\/support.apple.com\/es-es\/HT201265\">https:\/\/support.apple.com\/es-es\/HT201265<\/a><\/p>\n<h3>4. ACCEPTACI\u00d3 DE LA POL\u00cdTICA DE COOKIES<\/h3>\n<p>En continuar navegant per aquest lloc web, s\u2019ent\u00e9n que acceptes l\u2019\u00fas de cookies segons els termes indicats, llevat que configuris el contrari.<\/p>\n<p>[\/et_pb_text][\/et_pb_column][\/et_pb_row][\/et_pb_section]<\/p>\n","protected":false},"excerpt":{"rendered":"<p>POL\u00cdTICA DE COOKIES &nbsp; En aquest lloc web utilitzem cookies pr\u00f2pies i de tercers per millorar l\u2019experi\u00e8ncia de navegaci\u00f3, realitzar an\u00e0lisis estad\u00edstics i mostrar contingut multim\u00e8dia. 1. QU\u00c8 S\u00d3N LES COOKIES? Les cookies s\u00f3n petits fitxers de text que s\u2019emmagatzemen al navegador de l\u2019usuari quan visita un lloc web. Serveixen per recon\u00e8ixer l\u2019usuari, recordar les [&hellip;]<\/p>\n","protected":false},"author":1,"featured_media":0,"parent":0,"menu_order":0,"comment_status":"closed","ping_status":"closed","template":"","meta":{"_et_pb_use_builder":"on","_et_pb_old_content":"","_et_gb_content_width":"","footnotes":""},"class_list":["post-1988","page","type-page","status-publish","hentry"],"_links":{"self":[{"href":"https:\/\/gregorihollis.com\/ca\/wp-json\/wp\/v2\/pages\/1988","targetHints":{"allow":["GET"]}}],"collection":[{"href":"https:\/\/gregorihollis.com\/ca\/wp-json\/wp\/v2\/pages"}],"about":[{"href":"https:\/\/gregorihollis.com\/ca\/wp-json\/wp\/v2\/types\/page"}],"author":[{"embeddable":true,"href":"https:\/\/gregorihollis.com\/ca\/wp-json\/wp\/v2\/users\/1"}],"replies":[{"embeddable":true,"href":"https:\/\/gregorihollis.com\/ca\/wp-json\/wp\/v2\/comments?post=1988"}],"version-history":[{"count":1,"href":"https:\/\/gregorihollis.com\/ca\/wp-json\/wp\/v2\/pages\/1988\/revisions"}],"predecessor-version":[{"id":1989,"href":"https:\/\/gregorihollis.com\/ca\/wp-json\/wp\/v2\/pages\/1988\/revisions\/1989"}],"wp:attachment":[{"href":"https:\/\/gregorihollis.com\/ca\/wp-json\/wp\/v2\/media?parent=1988"}],"curies":[{"name":"wp","href":"https:\/\/api.w.org\/{rel}","templated":true}]}}